{"id":4982,"date":"2024-04-04T20:16:49","date_gmt":"2024-04-04T18:16:49","guid":{"rendered":"https:\/\/granadaluxurysuites.com\/contact\/"},"modified":"2024-04-04T20:16:49","modified_gmt":"2024-04-04T18:16:49","slug":"contact","status":"publish","type":"page","link":"https:\/\/granadaluxurysuites.com\/en\/contact\/","title":{"rendered":"CONTACT"},"content":{"rendered":"\n<section id=\"cabecera-block_44df9f63fd1fb46cbde75862addfecee\" class=\"cabecera\">\n    <div class=\"fondo\" style=\"background: url(https:\/\/granadaluxurysuites.com\/wp-content\/uploads\/cabecera.jpg) no-repeat; background-size: cover; background-position: center;\">\n    <div class=\"container-fluid padding-cabecera\">        \n        <div class=\"row position-relative\">\n                        <div class=\"col-12 col-md-12 centrar\">\n                <span class=\"h1 strong bellmt white\">CONTACT<\/span>\n                <span class=\"h1 bellmt white\">US<\/span>\n            <\/div>\n                    <\/div>\n    <\/div>\n\t<\/div>\n<\/section>\n\n\n    ","protected":false},"excerpt":{"rendered":"","protected":false},"author":1,"featured_media":4983,"parent":0,"menu_order":0,"comment_status":"closed","ping_status":"closed","template":"template-contacto-nueva.php","meta":{"_acf_changed":false,"_joinchat":[],"footnotes":""},"class_list":["post-4982","page","type-page","status-publish","has-post-thumbnail","hentry"],"acf":[],"yoast_head":"<!-- This site is optimized with the Yoast SEO plugin v27.3 - https:\/\/yoast.com\/product\/yoast-seo-wordpress\/ -->\n<title>\u25b7 CONTACT - Granada Luxury Suites<\/title>\n<meta name=\"description\" content=\"Do you need personalized advice? Do you want to use our services? Contact us and get all the information you need. \u2705\" \/>\n<meta name=\"robots\" content=\"index, follow, max-snippet:-1, max-image-preview:large, max-video-preview:-1\" \/>\n<link rel=\"canonical\" href=\"https:\/\/granadaluxurysuites.com\/en\/contact\/\" \/>\n<meta property=\"og:locale\" content=\"en_US\" \/>\n<meta property=\"og:type\" content=\"article\" \/>\n<meta property=\"og:title\" content=\"\u25b7 CONTACT - Granada Luxury Suites\" \/>\n<meta property=\"og:description\" content=\"Do you need personalized advice? Do you want to use our services? Contact us and get all the information you need. \u2705\" \/>\n<meta property=\"og:url\" content=\"https:\/\/granadaluxurysuites.com\/en\/contact\/\" \/>\n<meta property=\"og:site_name\" content=\"Granada Luxury Suites\" \/>\n<meta property=\"og:image\" content=\"https:\/\/granadaluxurysuites.com\/wp-content\/uploads\/cabecera.jpg\" \/>\n\t<meta property=\"og:image:width\" content=\"1920\" \/>\n\t<meta property=\"og:image:height\" content=\"260\" \/>\n\t<meta property=\"og:image:type\" content=\"image\/jpeg\" \/>\n<meta name=\"twitter:card\" content=\"summary_large_image\" \/>\n<script type=\"application\/ld+json\" class=\"yoast-schema-graph\">{\"@context\":\"https:\\\/\\\/schema.org\",\"@graph\":[{\"@type\":\"WebPage\",\"@id\":\"https:\\\/\\\/granadaluxurysuites.com\\\/en\\\/contact\\\/\",\"url\":\"https:\\\/\\\/granadaluxurysuites.com\\\/en\\\/contact\\\/\",\"name\":\"\u25b7 CONTACT - Granada Luxury Suites\",\"isPartOf\":{\"@id\":\"https:\\\/\\\/granadaluxurysuites.com\\\/#website\"},\"primaryImageOfPage\":{\"@id\":\"https:\\\/\\\/granadaluxurysuites.com\\\/en\\\/contact\\\/#primaryimage\"},\"image\":{\"@id\":\"https:\\\/\\\/granadaluxurysuites.com\\\/en\\\/contact\\\/#primaryimage\"},\"thumbnailUrl\":\"https:\\\/\\\/granadaluxurysuites.com\\\/wp-content\\\/uploads\\\/cabecera.jpg\",\"datePublished\":\"2024-04-04T18:16:49+00:00\",\"description\":\"Do you need personalized advice? Do you want to use our services? Contact us and get all the information you need. \u2705\",\"inLanguage\":\"en-US\",\"potentialAction\":[{\"@type\":\"ReadAction\",\"target\":[\"https:\\\/\\\/granadaluxurysuites.com\\\/en\\\/contact\\\/\"]}]},{\"@type\":\"ImageObject\",\"inLanguage\":\"en-US\",\"@id\":\"https:\\\/\\\/granadaluxurysuites.com\\\/en\\\/contact\\\/#primaryimage\",\"url\":\"https:\\\/\\\/granadaluxurysuites.com\\\/wp-content\\\/uploads\\\/cabecera.jpg\",\"contentUrl\":\"https:\\\/\\\/granadaluxurysuites.com\\\/wp-content\\\/uploads\\\/cabecera.jpg\",\"width\":1920,\"height\":260},{\"@type\":\"WebSite\",\"@id\":\"https:\\\/\\\/granadaluxurysuites.com\\\/#website\",\"url\":\"https:\\\/\\\/granadaluxurysuites.com\\\/\",\"name\":\"Granada Luxury Suites\",\"description\":\"Gesti\u00f3n de Apartamentos Tur\u00edsticos en Granada y viviendas vacacionales. Gestionamos, mantenemos y promocionamos tu propiedad para el alquiler tur\u00edstico.\",\"publisher\":{\"@id\":\"https:\\\/\\\/granadaluxurysuites.com\\\/#organization\"},\"potentialAction\":[{\"@type\":\"SearchAction\",\"target\":{\"@type\":\"EntryPoint\",\"urlTemplate\":\"https:\\\/\\\/granadaluxurysuites.com\\\/?s={search_term_string}\"},\"query-input\":{\"@type\":\"PropertyValueSpecification\",\"valueRequired\":true,\"valueName\":\"search_term_string\"}}],\"inLanguage\":\"en-US\"},{\"@type\":\"Organization\",\"@id\":\"https:\\\/\\\/granadaluxurysuites.com\\\/#organization\",\"name\":\"Granada Luxury Suites\",\"url\":\"https:\\\/\\\/granadaluxurysuites.com\\\/\",\"logo\":{\"@type\":\"ImageObject\",\"inLanguage\":\"en-US\",\"@id\":\"https:\\\/\\\/granadaluxurysuites.com\\\/#\\\/schema\\\/logo\\\/image\\\/\",\"url\":\"https:\\\/\\\/granadaluxurysuites.com\\\/wp-content\\\/uploads\\\/Logo-mini.png\",\"contentUrl\":\"https:\\\/\\\/granadaluxurysuites.com\\\/wp-content\\\/uploads\\\/Logo-mini.png\",\"width\":250,\"height\":65,\"caption\":\"Granada Luxury Suites\"},\"image\":{\"@id\":\"https:\\\/\\\/granadaluxurysuites.com\\\/#\\\/schema\\\/logo\\\/image\\\/\"},\"sameAs\":[\"https:\\\/\\\/www.instagram.com\\\/granadaluxurysuites?igsh=dHI1cTM0cGZsZzQ1\"]}]}<\/script>\n<!-- \/ Yoast SEO plugin. -->","yoast_head_json":{"title":"\u25b7 CONTACT - Granada Luxury Suites","description":"Do you need personalized advice? Do you want to use our services? Contact us and get all the information you need. \u2705","robots":{"index":"index","follow":"follow","max-snippet":"max-snippet:-1","max-image-preview":"max-image-preview:large","max-video-preview":"max-video-preview:-1"},"canonical":"https:\/\/granadaluxurysuites.com\/en\/contact\/","og_locale":"en_US","og_type":"article","og_title":"\u25b7 CONTACT - Granada Luxury Suites","og_description":"Do you need personalized advice? Do you want to use our services? Contact us and get all the information you need. \u2705","og_url":"https:\/\/granadaluxurysuites.com\/en\/contact\/","og_site_name":"Granada Luxury Suites","og_image":[{"width":1920,"height":260,"url":"https:\/\/granadaluxurysuites.com\/wp-content\/uploads\/cabecera.jpg","type":"image\/jpeg"}],"twitter_card":"summary_large_image","schema":{"@context":"https:\/\/schema.org","@graph":[{"@type":"WebPage","@id":"https:\/\/granadaluxurysuites.com\/en\/contact\/","url":"https:\/\/granadaluxurysuites.com\/en\/contact\/","name":"\u25b7 CONTACT - Granada Luxury Suites","isPartOf":{"@id":"https:\/\/granadaluxurysuites.com\/#website"},"primaryImageOfPage":{"@id":"https:\/\/granadaluxurysuites.com\/en\/contact\/#primaryimage"},"image":{"@id":"https:\/\/granadaluxurysuites.com\/en\/contact\/#primaryimage"},"thumbnailUrl":"https:\/\/granadaluxurysuites.com\/wp-content\/uploads\/cabecera.jpg","datePublished":"2024-04-04T18:16:49+00:00","description":"Do you need personalized advice? Do you want to use our services? Contact us and get all the information you need. \u2705","inLanguage":"en-US","potentialAction":[{"@type":"ReadAction","target":["https:\/\/granadaluxurysuites.com\/en\/contact\/"]}]},{"@type":"ImageObject","inLanguage":"en-US","@id":"https:\/\/granadaluxurysuites.com\/en\/contact\/#primaryimage","url":"https:\/\/granadaluxurysuites.com\/wp-content\/uploads\/cabecera.jpg","contentUrl":"https:\/\/granadaluxurysuites.com\/wp-content\/uploads\/cabecera.jpg","width":1920,"height":260},{"@type":"WebSite","@id":"https:\/\/granadaluxurysuites.com\/#website","url":"https:\/\/granadaluxurysuites.com\/","name":"Granada Luxury Suites","description":"Gesti\u00f3n de Apartamentos Tur\u00edsticos en Granada y viviendas vacacionales. Gestionamos, mantenemos y promocionamos tu propiedad para el alquiler tur\u00edstico.","publisher":{"@id":"https:\/\/granadaluxurysuites.com\/#organization"},"potentialAction":[{"@type":"SearchAction","target":{"@type":"EntryPoint","urlTemplate":"https:\/\/granadaluxurysuites.com\/?s={search_term_string}"},"query-input":{"@type":"PropertyValueSpecification","valueRequired":true,"valueName":"search_term_string"}}],"inLanguage":"en-US"},{"@type":"Organization","@id":"https:\/\/granadaluxurysuites.com\/#organization","name":"Granada Luxury Suites","url":"https:\/\/granadaluxurysuites.com\/","logo":{"@type":"ImageObject","inLanguage":"en-US","@id":"https:\/\/granadaluxurysuites.com\/#\/schema\/logo\/image\/","url":"https:\/\/granadaluxurysuites.com\/wp-content\/uploads\/Logo-mini.png","contentUrl":"https:\/\/granadaluxurysuites.com\/wp-content\/uploads\/Logo-mini.png","width":250,"height":65,"caption":"Granada Luxury Suites"},"image":{"@id":"https:\/\/granadaluxurysuites.com\/#\/schema\/logo\/image\/"},"sameAs":["https:\/\/www.instagram.com\/granadaluxurysuites?igsh=dHI1cTM0cGZsZzQ1"]}]}},"_links":{"self":[{"href":"https:\/\/granadaluxurysuites.com\/en\/wp-json\/wp\/v2\/pages\/4982","targetHints":{"allow":["GET"]}}],"collection":[{"href":"https:\/\/granadaluxurysuites.com\/en\/wp-json\/wp\/v2\/pages"}],"about":[{"href":"https:\/\/granadaluxurysuites.com\/en\/wp-json\/wp\/v2\/types\/page"}],"author":[{"embeddable":true,"href":"https:\/\/granadaluxurysuites.com\/en\/wp-json\/wp\/v2\/users\/1"}],"replies":[{"embeddable":true,"href":"https:\/\/granadaluxurysuites.com\/en\/wp-json\/wp\/v2\/comments?post=4982"}],"version-history":[{"count":1,"href":"https:\/\/granadaluxurysuites.com\/en\/wp-json\/wp\/v2\/pages\/4982\/revisions"}],"predecessor-version":[{"id":4984,"href":"https:\/\/granadaluxurysuites.com\/en\/wp-json\/wp\/v2\/pages\/4982\/revisions\/4984"}],"wp:featuredmedia":[{"embeddable":true,"href":"https:\/\/granadaluxurysuites.com\/en\/wp-json\/wp\/v2\/media\/4983"}],"wp:attachment":[{"href":"https:\/\/granadaluxurysuites.com\/en\/wp-json\/wp\/v2\/media?parent=4982"}],"curies":[{"name":"wp","href":"https:\/\/api.w.org\/{rel}","templated":true}]}}